{"id":281,"date":"2025-01-21T15:26:11","date_gmt":"2025-01-21T20:26:11","guid":{"rendered":"https:\/\/sites-bibliotheques.uqam.ca\/formulaires\/?page_id=281"},"modified":"2025-01-22T08:37:44","modified_gmt":"2025-01-22T13:37:44","slug":"cabinet-de-travail","status":"publish","type":"page","link":"https:\/\/sites-bibliotheques.uqam.ca\/formulaires\/tri\/cabinet-de-travail\/","title":{"rendered":"Inscription \u00e0 la liste d\u2019obtention d\u2019un cabinet de travail"},"content":{"rendered":"\n<div class=\"p-3 mb-2 bg-light text-dark\"><p>Ce formulaire est destin\u00e9 aux personnes inscrites \u00e0 un programme de ma\u00eetrise ou doctorat \u00e0 l\u2019UQAM.<\/p><p><a href=\"\/formulaires\/wp-login.php?redirect_to=https%3A%2F%2Fsites-bibliotheques.uqam.ca%2Fformulaires%2Ftri%2Fcabinet-de-travail%2F\">Connexion<\/a> requise pour visualiser ce formulaire.<\/p><\/div>\n\n\n","protected":false},"excerpt":{"rendered":"","protected":false},"author":1,"featured_media":0,"parent":13,"menu_order":100,"comment_status":"closed","ping_status":"closed","template":"","meta":{"_acf_changed":false,"footnotes":""},"categories":[],"class_list":["post-281","page","type-page","status-publish","hentry"],"acf":[],"yoast_head":"<!-- This site is optimized with the Yoast SEO plugin v26.9 - https:\/\/yoast.com\/product\/yoast-seo-wordpress\/ -->\n<title>Inscription \u00e0 la liste d\u2019obtention d\u2019un cabinet de travail | Formulaires | UQAM<\/title>\n<meta name=\"robots\" content=\"noindex, nofollow\" \/>\n<meta property=\"og:locale\" content=\"fr_CA\" \/>\n<meta property=\"og:type\" content=\"article\" \/>\n<meta property=\"og:title\" content=\"Inscription \u00e0 la liste d\u2019obtention d\u2019un cabinet de travail | Formulaires | UQAM\" \/>\n<meta property=\"og:url\" content=\"https:\/\/sites-bibliotheques.uqam.ca\/formulaires\/tri\/cabinet-de-travail\/\" \/>\n<meta property=\"og:site_name\" content=\"Formulaires\" \/>\n<meta property=\"article:modified_time\" content=\"2025-01-22T13:37:44+00:00\" \/>\n<meta property=\"og:image\" content=\"https:\/\/sites-bibliotheques.uqam.ca\/formulaires\/wp-content\/uploads\/sites\/5\/2025\/08\/Logo-carre-NONOFFICIEL.png\" \/>\n\t<meta property=\"og:image:width\" content=\"360\" \/>\n\t<meta property=\"og:image:height\" content=\"360\" \/>\n\t<meta property=\"og:image:type\" content=\"image\/png\" \/>\n<meta name=\"twitter:card\" content=\"summary_large_image\" \/>\n<meta name=\"twitter:label1\" content=\"Estimation du temps de lecture\" \/>\n\t<meta name=\"twitter:data1\" content=\"1 minute\" \/>\n<script type=\"application\/ld+json\" class=\"yoast-schema-graph\">{\"@context\":\"https:\/\/schema.org\",\"@graph\":[{\"@type\":\"WebPage\",\"@id\":\"https:\/\/sites-bibliotheques.uqam.ca\/formulaires\/tri\/cabinet-de-travail\/\",\"url\":\"https:\/\/sites-bibliotheques.uqam.ca\/formulaires\/tri\/cabinet-de-travail\/\",\"name\":\"Inscription \u00e0 la liste d\u2019obtention d\u2019un cabinet de travail | Formulaires | UQAM\",\"isPartOf\":{\"@id\":\"https:\/\/sites-bibliotheques.uqam.ca\/formulaires\/#website\"},\"datePublished\":\"2025-01-21T20:26:11+00:00\",\"dateModified\":\"2025-01-22T13:37:44+00:00\",\"breadcrumb\":{\"@id\":\"https:\/\/sites-bibliotheques.uqam.ca\/formulaires\/tri\/cabinet-de-travail\/#breadcrumb\"},\"inLanguage\":\"fr-CA\",\"potentialAction\":[{\"@type\":\"ReadAction\",\"target\":[\"https:\/\/sites-bibliotheques.uqam.ca\/formulaires\/tri\/cabinet-de-travail\/\"]}]},{\"@type\":\"WebSite\",\"@id\":\"https:\/\/sites-bibliotheques.uqam.ca\/formulaires\/#website\",\"url\":\"https:\/\/sites-bibliotheques.uqam.ca\/formulaires\/\",\"name\":\"Formulaires\",\"description\":\"Services des biblioth\u00e8ques\",\"publisher\":{\"@id\":\"https:\/\/sites-bibliotheques.uqam.ca\/formulaires\/#organization\"},\"potentialAction\":[{\"@type\":\"SearchAction\",\"target\":{\"@type\":\"EntryPoint\",\"urlTemplate\":\"https:\/\/sites-bibliotheques.uqam.ca\/formulaires\/recherche\/?q={search_term_string}\"},\"query-input\":{\"@type\":\"PropertyValueSpecification\",\"valueRequired\":true,\"valueName\":\"search_term_string\"}}],\"inLanguage\":\"fr-CA\"},{\"@type\":\"Organization\",\"@id\":\"https:\/\/sites-bibliotheques.uqam.ca\/formulaires\/#organization\",\"name\":\"Formulaires\",\"url\":\"https:\/\/sites-bibliotheques.uqam.ca\/formulaires\/\",\"logo\":{\"@type\":\"ImageObject\",\"inLanguage\":\"fr-CA\",\"@id\":\"https:\/\/sites-bibliotheques.uqam.ca\/formulaires\/#\/schema\/logo\/image\/\",\"url\":\"https:\/\/gabarit-adaptatif.uqam.ca\/statique\/images\/logo-uqam.jpg\",\"contentUrl\":\"\",\"caption\":\"Formulaires\"},\"image\":{\"@id\":\"https:\/\/sites-bibliotheques.uqam.ca\/formulaires\/#\/schema\/logo\/image\/\"},\"parentOrganization\":{\"@type\":\"EducationalOrganization\",\"@id\":\"https:\/\/uqam.ca\/#organization\",\"name\":\"Universit\u00e9 du Qu\u00e9bec \u00e0 Montr\u00e9al\",\"url\":\"https:\/\/uqam.ca\",\"alternateName\":\"UQAM\",\"logo\":\"https:\/\/gabarit-adaptatif.uqam.ca\/statique\/images\/logo-uqam.jpg\"}}]}<\/script>\n<!-- \/ Yoast SEO plugin. -->","yoast_head_json":{"title":"Inscription \u00e0 la liste d\u2019obtention d\u2019un cabinet de travail | Formulaires | UQAM","robots":{"index":"noindex","follow":"nofollow"},"og_locale":"fr_CA","og_type":"article","og_title":"Inscription \u00e0 la liste d\u2019obtention d\u2019un cabinet de travail | Formulaires | UQAM","og_url":"https:\/\/sites-bibliotheques.uqam.ca\/formulaires\/tri\/cabinet-de-travail\/","og_site_name":"Formulaires","article_modified_time":"2025-01-22T13:37:44+00:00","og_image":[{"width":360,"height":360,"url":"https:\/\/sites-bibliotheques.uqam.ca\/formulaires\/wp-content\/uploads\/sites\/5\/2025\/08\/Logo-carre-NONOFFICIEL.png","type":"image\/png"}],"twitter_card":"summary_large_image","twitter_misc":{"Estimation du temps de lecture":"1 minute"},"schema":{"@context":"https:\/\/schema.org","@graph":[{"@type":"WebPage","@id":"https:\/\/sites-bibliotheques.uqam.ca\/formulaires\/tri\/cabinet-de-travail\/","url":"https:\/\/sites-bibliotheques.uqam.ca\/formulaires\/tri\/cabinet-de-travail\/","name":"Inscription \u00e0 la liste d\u2019obtention d\u2019un cabinet de travail | Formulaires | UQAM","isPartOf":{"@id":"https:\/\/sites-bibliotheques.uqam.ca\/formulaires\/#website"},"datePublished":"2025-01-21T20:26:11+00:00","dateModified":"2025-01-22T13:37:44+00:00","breadcrumb":{"@id":"https:\/\/sites-bibliotheques.uqam.ca\/formulaires\/tri\/cabinet-de-travail\/#breadcrumb"},"inLanguage":"fr-CA","potentialAction":[{"@type":"ReadAction","target":["https:\/\/sites-bibliotheques.uqam.ca\/formulaires\/tri\/cabinet-de-travail\/"]}]},{"@type":"WebSite","@id":"https:\/\/sites-bibliotheques.uqam.ca\/formulaires\/#website","url":"https:\/\/sites-bibliotheques.uqam.ca\/formulaires\/","name":"Formulaires","description":"Services des biblioth\u00e8ques","publisher":{"@id":"https:\/\/sites-bibliotheques.uqam.ca\/formulaires\/#organization"},"potentialAction":[{"@type":"SearchAction","target":{"@type":"EntryPoint","urlTemplate":"https:\/\/sites-bibliotheques.uqam.ca\/formulaires\/recherche\/?q={search_term_string}"},"query-input":{"@type":"PropertyValueSpecification","valueRequired":true,"valueName":"search_term_string"}}],"inLanguage":"fr-CA"},{"@type":"Organization","@id":"https:\/\/sites-bibliotheques.uqam.ca\/formulaires\/#organization","name":"Formulaires","url":"https:\/\/sites-bibliotheques.uqam.ca\/formulaires\/","logo":{"@type":"ImageObject","inLanguage":"fr-CA","@id":"https:\/\/sites-bibliotheques.uqam.ca\/formulaires\/#\/schema\/logo\/image\/","url":"https:\/\/gabarit-adaptatif.uqam.ca\/statique\/images\/logo-uqam.jpg","contentUrl":"","caption":"Formulaires"},"image":{"@id":"https:\/\/sites-bibliotheques.uqam.ca\/formulaires\/#\/schema\/logo\/image\/"},"parentOrganization":{"@type":"EducationalOrganization","@id":"https:\/\/uqam.ca\/#organization","name":"Universit\u00e9 du Qu\u00e9bec \u00e0 Montr\u00e9al","url":"https:\/\/uqam.ca","alternateName":"UQAM","logo":"https:\/\/gabarit-adaptatif.uqam.ca\/statique\/images\/logo-uqam.jpg"}}]}},"_links":{"self":[{"href":"https:\/\/sites-bibliotheques.uqam.ca\/formulaires\/wp-json\/wp\/v2\/pages\/281","targetHints":{"allow":["GET"]}}],"collection":[{"href":"https:\/\/sites-bibliotheques.uqam.ca\/formulaires\/wp-json\/wp\/v2\/pages"}],"about":[{"href":"https:\/\/sites-bibliotheques.uqam.ca\/formulaires\/wp-json\/wp\/v2\/types\/page"}],"author":[{"embeddable":true,"href":"https:\/\/sites-bibliotheques.uqam.ca\/formulaires\/wp-json\/wp\/v2\/users\/1"}],"replies":[{"embeddable":true,"href":"https:\/\/sites-bibliotheques.uqam.ca\/formulaires\/wp-json\/wp\/v2\/comments?post=281"}],"version-history":[{"count":6,"href":"https:\/\/sites-bibliotheques.uqam.ca\/formulaires\/wp-json\/wp\/v2\/pages\/281\/revisions"}],"predecessor-version":[{"id":289,"href":"https:\/\/sites-bibliotheques.uqam.ca\/formulaires\/wp-json\/wp\/v2\/pages\/281\/revisions\/289"}],"up":[{"embeddable":true,"href":"https:\/\/sites-bibliotheques.uqam.ca\/formulaires\/wp-json\/wp\/v2\/pages\/13"}],"wp:attachment":[{"href":"https:\/\/sites-bibliotheques.uqam.ca\/formulaires\/wp-json\/wp\/v2\/media?parent=281"}],"wp:term":[{"taxonomy":"category","embeddable":true,"href":"https:\/\/sites-bibliotheques.uqam.ca\/formulaires\/wp-json\/wp\/v2\/categories?post=281"}],"curies":[{"name":"wp","href":"https:\/\/api.w.org\/{rel}","templated":true}]}}