{"id":21,"date":"2022-09-21T16:14:59","date_gmt":"2022-09-21T16:14:59","guid":{"rendered":"https:\/\/sites-bibliotheques.uqam.ca\/livres-rares\/?page_id=21"},"modified":"2022-09-21T16:14:59","modified_gmt":"2022-09-21T16:14:59","slug":"actualites","status":"publish","type":"page","link":"https:\/\/sites-bibliotheques.uqam.ca\/livres-rares\/","title":{"rendered":"Actualit\u00e9s"},"content":{"rendered":"","protected":false},"excerpt":{"rendered":"","protected":false},"author":1,"featured_media":0,"parent":0,"menu_order":0,"comment_status":"closed","ping_status":"closed","template":"","meta":{"advgb_blocks_editor_width":"","advgb_blocks_columns_visual_guide":"","footnotes":""},"categories":[],"class_list":["post-21","page","type-page","status-publish","hentry"],"yoast_head":"<!-- This site is optimized with the Yoast SEO plugin v26.9 - https:\/\/yoast.com\/product\/yoast-seo-wordpress\/ -->\n<title>Actualit\u00e9s | Centre des livres rares et collections sp\u00e9ciales | UQAM<\/title>\n<meta name=\"robots\" content=\"index, follow, max-snippet:-1, max-image-preview:large, max-video-preview:-1\" \/>\n<link rel=\"canonical\" href=\"https:\/\/sites-bibliotheques.uqam.ca\/livres-rares\/\" \/>\n<meta property=\"og:locale\" content=\"fr_CA\" \/>\n<meta property=\"og:type\" content=\"article\" \/>\n<meta property=\"og:title\" content=\"Actualit\u00e9s | Centre des livres rares et collections sp\u00e9ciales | UQAM\" \/>\n<meta property=\"og:url\" content=\"https:\/\/sites-bibliotheques.uqam.ca\/livres-rares\/\" \/>\n<meta property=\"og:site_name\" content=\"Centre des livres rares et collections sp\u00e9ciales\" \/>\n<meta name=\"twitter:card\" content=\"summary_large_image\" \/>\n<script type=\"application\/ld+json\" class=\"yoast-schema-graph\">{\"@context\":\"https:\/\/schema.org\",\"@graph\":[{\"@type\":\"WebPage\",\"@id\":\"https:\/\/sites-bibliotheques.uqam.ca\/livres-rares\/\",\"url\":\"https:\/\/sites-bibliotheques.uqam.ca\/livres-rares\/\",\"name\":\"Actualit\u00e9s | Centre des livres rares et collections sp\u00e9ciales | UQAM\",\"isPartOf\":{\"@id\":\"https:\/\/sites-bibliotheques.uqam.ca\/livres-rares\/#website\"},\"datePublished\":\"2022-09-21T16:14:59+00:00\",\"breadcrumb\":{\"@id\":\"https:\/\/sites-bibliotheques.uqam.ca\/livres-rares\/#breadcrumb\"},\"inLanguage\":\"fr-CA\",\"potentialAction\":[{\"@type\":\"ReadAction\",\"target\":[\"https:\/\/sites-bibliotheques.uqam.ca\/livres-rares\/\"]}]},{\"@type\":\"WebSite\",\"@id\":\"https:\/\/sites-bibliotheques.uqam.ca\/livres-rares\/#website\",\"url\":\"https:\/\/sites-bibliotheques.uqam.ca\/livres-rares\/\",\"name\":\"Centre des livres rares et collections sp\u00e9ciales\",\"description\":\"Un site utilisant Site des biblioth\u00e8ques en DEV\",\"publisher\":{\"@id\":\"https:\/\/sites-bibliotheques.uqam.ca\/livres-rares\/#organization\"},\"potentialAction\":[{\"@type\":\"SearchAction\",\"target\":{\"@type\":\"EntryPoint\",\"urlTemplate\":\"https:\/\/sites-bibliotheques.uqam.ca\/livres-rares\/recherche\/?q={search_term_string}\"},\"query-input\":{\"@type\":\"PropertyValueSpecification\",\"valueRequired\":true,\"valueName\":\"search_term_string\"}}],\"inLanguage\":\"fr-CA\"},{\"@type\":\"Organization\",\"@id\":\"https:\/\/sites-bibliotheques.uqam.ca\/livres-rares\/#organization\",\"name\":\"Centre de consultation des livres rares\",\"url\":\"https:\/\/sites-bibliotheques.uqam.ca\/livres-rares\/\",\"logo\":{\"@type\":\"ImageObject\",\"inLanguage\":\"fr-CA\",\"@id\":\"https:\/\/sites-bibliotheques.uqam.ca\/livres-rares\/#\/schema\/logo\/image\/\",\"url\":\"https:\/\/gabarit-adaptatif.uqam.ca\/statique\/images\/logo-uqam.jpg\",\"contentUrl\":\"\",\"caption\":\"Centre de consultation des livres rares\"},\"image\":{\"@id\":\"https:\/\/sites-bibliotheques.uqam.ca\/livres-rares\/#\/schema\/logo\/image\/\"},\"parentOrganization\":{\"@type\":\"EducationalOrganization\",\"@id\":\"https:\/\/uqam.ca\/#organization\",\"name\":\"Universit\u00e9 du Qu\u00e9bec \u00e0 Montr\u00e9al\",\"url\":\"https:\/\/uqam.ca\",\"alternateName\":\"UQAM\",\"logo\":\"https:\/\/gabarit-adaptatif.uqam.ca\/statique\/images\/logo-uqam.jpg\"}}]}<\/script>\n<!-- \/ Yoast SEO plugin. -->","yoast_head_json":{"title":"Actualit\u00e9s | Centre des livres rares et collections sp\u00e9ciales | UQAM","robots":{"index":"index","follow":"follow","max-snippet":"max-snippet:-1","max-image-preview":"max-image-preview:large","max-video-preview":"max-video-preview:-1"},"canonical":"https:\/\/sites-bibliotheques.uqam.ca\/livres-rares\/","og_locale":"fr_CA","og_type":"article","og_title":"Actualit\u00e9s | Centre des livres rares et collections sp\u00e9ciales | UQAM","og_url":"https:\/\/sites-bibliotheques.uqam.ca\/livres-rares\/","og_site_name":"Centre des livres rares et collections sp\u00e9ciales","twitter_card":"summary_large_image","schema":{"@context":"https:\/\/schema.org","@graph":[{"@type":"WebPage","@id":"https:\/\/sites-bibliotheques.uqam.ca\/livres-rares\/","url":"https:\/\/sites-bibliotheques.uqam.ca\/livres-rares\/","name":"Actualit\u00e9s | Centre des livres rares et collections sp\u00e9ciales | UQAM","isPartOf":{"@id":"https:\/\/sites-bibliotheques.uqam.ca\/livres-rares\/#website"},"datePublished":"2022-09-21T16:14:59+00:00","breadcrumb":{"@id":"https:\/\/sites-bibliotheques.uqam.ca\/livres-rares\/#breadcrumb"},"inLanguage":"fr-CA","potentialAction":[{"@type":"ReadAction","target":["https:\/\/sites-bibliotheques.uqam.ca\/livres-rares\/"]}]},{"@type":"WebSite","@id":"https:\/\/sites-bibliotheques.uqam.ca\/livres-rares\/#website","url":"https:\/\/sites-bibliotheques.uqam.ca\/livres-rares\/","name":"Centre des livres rares et collections sp\u00e9ciales","description":"Un site utilisant Site des biblioth\u00e8ques en DEV","publisher":{"@id":"https:\/\/sites-bibliotheques.uqam.ca\/livres-rares\/#organization"},"potentialAction":[{"@type":"SearchAction","target":{"@type":"EntryPoint","urlTemplate":"https:\/\/sites-bibliotheques.uqam.ca\/livres-rares\/recherche\/?q={search_term_string}"},"query-input":{"@type":"PropertyValueSpecification","valueRequired":true,"valueName":"search_term_string"}}],"inLanguage":"fr-CA"},{"@type":"Organization","@id":"https:\/\/sites-bibliotheques.uqam.ca\/livres-rares\/#organization","name":"Centre de consultation des livres rares","url":"https:\/\/sites-bibliotheques.uqam.ca\/livres-rares\/","logo":{"@type":"ImageObject","inLanguage":"fr-CA","@id":"https:\/\/sites-bibliotheques.uqam.ca\/livres-rares\/#\/schema\/logo\/image\/","url":"https:\/\/gabarit-adaptatif.uqam.ca\/statique\/images\/logo-uqam.jpg","contentUrl":"","caption":"Centre de consultation des livres rares"},"image":{"@id":"https:\/\/sites-bibliotheques.uqam.ca\/livres-rares\/#\/schema\/logo\/image\/"},"parentOrganization":{"@type":"EducationalOrganization","@id":"https:\/\/uqam.ca\/#organization","name":"Universit\u00e9 du Qu\u00e9bec \u00e0 Montr\u00e9al","url":"https:\/\/uqam.ca","alternateName":"UQAM","logo":"https:\/\/gabarit-adaptatif.uqam.ca\/statique\/images\/logo-uqam.jpg"}}]}},"coauthors":[],"author_meta":{"author_link":"https:\/\/sites-bibliotheques.uqam.ca\/livres-rares\/author\/laporte_jon\/","display_name":"Laporte, Jonathan"},"relative_dates":{"created":"Posted 4 ann\u00e9es ago","modified":"Updated 4 ann\u00e9es ago"},"absolute_dates":{"created":"Posted on 21 septembre 2022","modified":"Updated on 21 septembre 2022"},"absolute_dates_time":{"created":"Posted on 21 septembre 2022 16 h 14 min","modified":"Updated on 21 septembre 2022 16 h 14 min"},"featured_img_caption":"","featured_img":false,"series_order":"","_links":{"self":[{"href":"https:\/\/sites-bibliotheques.uqam.ca\/livres-rares\/wp-json\/wp\/v2\/pages\/21","targetHints":{"allow":["GET"]}}],"collection":[{"href":"https:\/\/sites-bibliotheques.uqam.ca\/livres-rares\/wp-json\/wp\/v2\/pages"}],"about":[{"href":"https:\/\/sites-bibliotheques.uqam.ca\/livres-rares\/wp-json\/wp\/v2\/types\/page"}],"author":[{"embeddable":true,"href":"https:\/\/sites-bibliotheques.uqam.ca\/livres-rares\/wp-json\/wp\/v2\/users\/1"}],"replies":[{"embeddable":true,"href":"https:\/\/sites-bibliotheques.uqam.ca\/livres-rares\/wp-json\/wp\/v2\/comments?post=21"}],"version-history":[{"count":1,"href":"https:\/\/sites-bibliotheques.uqam.ca\/livres-rares\/wp-json\/wp\/v2\/pages\/21\/revisions"}],"predecessor-version":[{"id":22,"href":"https:\/\/sites-bibliotheques.uqam.ca\/livres-rares\/wp-json\/wp\/v2\/pages\/21\/revisions\/22"}],"wp:attachment":[{"href":"https:\/\/sites-bibliotheques.uqam.ca\/livres-rares\/wp-json\/wp\/v2\/media?parent=21"}],"wp:term":[{"taxonomy":"category","embeddable":true,"href":"https:\/\/sites-bibliotheques.uqam.ca\/livres-rares\/wp-json\/wp\/v2\/categories?post=21"}],"curies":[{"name":"wp","href":"https:\/\/api.w.org\/{rel}","templated":true}]}}