{"id":222,"date":"2019-11-13T20:13:08","date_gmt":"2019-11-13T20:13:08","guid":{"rendered":"https:\/\/services-bibliotheques.uqam.ca\/info-cclr\/?page_id=222"},"modified":"2022-09-29T14:18:44","modified_gmt":"2022-09-29T14:18:44","slug":"50-ans-uqam","status":"publish","type":"page","link":"https:\/\/sites-bibliotheques.uqam.ca\/livres-rares\/expositions\/50-ans-uqam\/","title":{"rendered":"50 ans de l\u2019UQAM \u2013 100 livres \u2013 500 ans d\u2019\u00e9dition"},"content":{"rendered":"\n<h3 class=\"wp-block-heading\">Du 4 d\u00e9cembre au 12 novembre 2020<\/h3>\n\n\n\n<div class=\"wp-block-image\"><figure class=\"alignleft is-resized\"><img loading=\"lazy\" decoding=\"async\" src=\"https:\/\/sites-bibliotheques.uqam.ca\/info-cclr\/wp-content\/uploads\/sites\/3\/2019\/11\/X38037528B-1024x683.jpg\" alt=\"\" class=\"wp-image-255\" width=\"392\" height=\"260\" srcset=\"https:\/\/sites-bibliotheques.uqam.ca\/livres-rares\/wp-content\/uploads\/sites\/3\/2019\/11\/X38037528B-1024x683.jpg 1024w, https:\/\/sites-bibliotheques.uqam.ca\/livres-rares\/wp-content\/uploads\/sites\/3\/2019\/11\/X38037528B-300x200.jpg 300w, https:\/\/sites-bibliotheques.uqam.ca\/livres-rares\/wp-content\/uploads\/sites\/3\/2019\/11\/X38037528B-768x512.jpg 768w, https:\/\/sites-bibliotheques.uqam.ca\/livres-rares\/wp-content\/uploads\/sites\/3\/2019\/11\/X38037528B-2048x1366.jpg 2048w\" sizes=\"auto, (max-width: 392px) 100vw, 392px\" \/><\/figure><\/div>\n\n\n\n<p><strong>Le Centre des livres rares et des collections sp\u00e9ciales<\/strong> inaugure ses nouveaux locaux et ouvre ses portes aux \u00e9tudiants, professeurs et chercheurs qui souhaitent consulter sa riche documentation. Des milliers d\u2019ouvrages anciens, rares et pr\u00e9cieux sont maintenant conserv\u00e9s dans des rayonnages modernes avec un syst\u00e8me de contr\u00f4le atmosph\u00e9rique permettant d\u2019assurer les meilleures conditions de conservation. Les quelques 18&nbsp;000 livres anciens (publi\u00e9s avant 1850) et 34&nbsp;000 livres et documents rares de la collection de l\u2019UQAM ont maintenant un \u00e9crin \u00e0 la mesure de leur valeur.<\/p>\n\n\n\n<p>L\u2019ouverture du nouveau Centre des livres rares et des collections sp\u00e9ciales co\u00efncide avec le 50<sup>e<\/sup> anniversaire de l\u2019UQAM et le 50<sup>e<\/sup> anniversaire de son Service des biblioth\u00e8ques. Tous ces \u00e9v\u00e9nements m\u00e9ritent d\u2019\u00eatre soulign\u00e9s et c\u00e9l\u00e9br\u00e9s. Pour l\u2019occasion, le Service des biblioth\u00e8ques organise une exposition en trois volets successifs, de d\u00e9cembre 2019 \u00e0 l\u2019automne 2020. L\u2019exposition vise \u00e0 mettre en valeur des ouvrages anciens et rares provenant des trois principales collections qui ont constitu\u00e9 le premier fonds documentaire de l\u2019UQAM. Cet h\u00e9ritage provient des legs du Coll\u00e8ge Ste-Marie (1848-1969), de l\u2019\u00c9cole Normale Jacques-Cartier (1857-1969) et de l\u2019\u00c9cole de Beaux-Arts de Montr\u00e9al (1922-1969) et a forg\u00e9 une bonne part de l\u2019ADN de l\u2019UQAM. <\/p>\n\n\n\n<p>Seront pr\u00e9sent\u00e9s au public une centaine d\u2019ouvrages allant du XVIe au XXe si\u00e8cle, dont plusieurs n\u2019ont encore jamais \u00e9t\u00e9 montr\u00e9s. Les ouvrages expos\u00e9s ont \u00e9t\u00e9 choisis pour leur valeur intellectuelle, historique, esth\u00e9tique et chacun, \u00e0 sa fa\u00e7on, t\u00e9moigne de l\u2019identit\u00e9 de l\u2019UQAM.<\/p>\n\n\n\n<h3 class=\"wp-block-heading\">Trois volets de l&rsquo;exposition <\/h3>\n\n\n\n<ul class=\"wp-block-list\"><li><a href=\"https:\/\/sites-bibliotheques.uqam.ca\/livres-rares\/expositions\/50-ans-uqam\/volet-1\/\">Volet 1 &#8211; Le legs du Coll\u00e8ge Sainte-Marie (d\u00e9cembre \u00e0 f\u00e9vrier)<\/a><\/li><li><a href=\"https:\/\/sites-bibliotheques.uqam.ca\/livres-rares\/expositions\/50-ans-uqam\/volet-2\/\">Volet 2 &#8211; Legs de l\u2019\u00c9cole normale Jacques-Cartier (mars \u00e0 juin)<\/a><\/li><li>Volet 3 (\u00c0 venir)<\/li><\/ul>\n\n\n\n<h3 class=\"wp-block-heading\">S\u00e9rie de conf\u00e9rences<\/h3>\n\n\n\n<p><strong>Volet 1<\/strong><\/p>\n\n\n\n<ul class=\"wp-block-list\"><li>H\u00e9rodote au XVIe si\u00e8cle : un auteur br\u00fblant d&rsquo;actualit\u00e9<\/li><li>Une mission. Une industrie. Une communaut\u00e9 au si\u00e8cle des Lumi\u00e8res<\/li><li>Les Hieroglyphica de Valeriano et la qu\u00eate humaniste d&rsquo;un langage universel<\/li><li>Des livres d\u2019Heures \u00e0 l\u2019<em>Imitation du Christ<\/em> : nouvelles pratiques de la d\u00e9votion la\u00efque et j\u00e9suite.<\/li><li>Mise en page et mise en texte du <em>Dictionarium<\/em> de Charles Estienne, XVIe-XVIIe si\u00e8cle<\/li><\/ul>\n\n\n\n<p><strong>Volet 2<\/strong><\/p>\n\n\n\n<ul class=\"wp-block-list\"><li><a href=\"https:\/\/uqam-ca.libcal.com\/event\/3542954\">(Re)naissance de l\u2019\u00ab homme lettr\u00e9 \u00bb : Geoffroy Tory et son somptueux <\/a><em><a href=\"https:\/\/uqam-ca.libcal.com\/event\/3542954\">Champ fleury<\/a><\/em><a href=\"https:\/\/uqam-ca.libcal.com\/event\/3542954\"> (1529)<\/a><\/li><li><a href=\"https:\/\/uqam-ca.libcal.com\/event\/3542957\">L\u2019abb\u00e9 H.-A. Verreau (1828-1901) : un intellectuel qu\u00e9b\u00e9cois en terres \u00ab montr\u00e9alistes \u00bb<\/a><\/li><\/ul>\n\n\n\n<p><\/p>\n\n\n\n<p><strong><a href=\"https:\/\/sites-bibliotheques.uqam.ca\/livres-rares\/expositions\/50-ans-uqam\/biographie-des-commissaires\/\">Biographies des commissaires<\/a> de l&rsquo;exposition.<\/strong><\/p>\n\n\n\n<p><\/p>\n","protected":false},"excerpt":{"rendered":"<p>Du 4 d\u00e9cembre au 12 novembre 2020 Le Centre des livres rares et des collections sp\u00e9ciales inaugure ses nouveaux locaux et ouvre ses portes aux \u00e9tudiants, professeurs et chercheurs qui souhaitent consulter sa riche documentation. Des milliers d\u2019ouvrages anciens, rares et pr\u00e9cieux sont maintenant conserv\u00e9s dans des rayonnages modernes avec un syst\u00e8me de contr\u00f4le atmosph\u00e9rique [&hellip;]<\/p>\n","protected":false},"author":1,"featured_media":0,"parent":215,"menu_order":0,"comment_status":"closed","ping_status":"closed","template":"","meta":{"advgb_blocks_editor_width":"","advgb_blocks_columns_visual_guide":"","footnotes":""},"categories":[],"class_list":["post-222","page","type-page","status-publish","hentry"],"yoast_head":"<!-- This site is optimized with the Yoast SEO plugin v26.9 - https:\/\/yoast.com\/product\/yoast-seo-wordpress\/ -->\n<title>50 ans de l\u2019UQAM \u2013 100 livres \u2013 500 ans d\u2019\u00e9dition | Centre des livres rares et collections sp\u00e9ciales | UQAM<\/title>\n<meta name=\"robots\" content=\"index, follow, max-snippet:-1, max-image-preview:large, max-video-preview:-1\" \/>\n<link rel=\"canonical\" href=\"https:\/\/sites-bibliotheques.uqam.ca\/livres-rares\/expositions\/50-ans-uqam\/\" \/>\n<meta property=\"og:locale\" content=\"fr_CA\" \/>\n<meta property=\"og:type\" content=\"article\" \/>\n<meta property=\"og:title\" content=\"50 ans de l\u2019UQAM \u2013 100 livres \u2013 500 ans d\u2019\u00e9dition | Centre des livres rares et collections sp\u00e9ciales | UQAM\" \/>\n<meta property=\"og:description\" content=\"Du 4 d\u00e9cembre au 12 novembre 2020 Le Centre des livres rares et des collections sp\u00e9ciales inaugure ses nouveaux locaux et ouvre ses portes aux \u00e9tudiants, professeurs et chercheurs qui souhaitent consulter sa riche documentation. Des milliers d\u2019ouvrages anciens, rares et pr\u00e9cieux sont maintenant conserv\u00e9s dans des rayonnages modernes avec un syst\u00e8me de contr\u00f4le atmosph\u00e9rique [&hellip;]\" \/>\n<meta property=\"og:url\" content=\"https:\/\/sites-bibliotheques.uqam.ca\/livres-rares\/expositions\/50-ans-uqam\/\" \/>\n<meta property=\"og:site_name\" content=\"Centre des livres rares et collections sp\u00e9ciales\" \/>\n<meta property=\"article:modified_time\" content=\"2022-09-29T14:18:44+00:00\" \/>\n<meta property=\"og:image\" content=\"https:\/\/sites-bibliotheques.uqam.ca\/info-cclr\/wp-content\/uploads\/sites\/3\/2019\/11\/X38037528B-1024x683.jpg\" \/>\n<meta name=\"twitter:card\" content=\"summary_large_image\" \/>\n<meta name=\"twitter:label1\" content=\"Estimation du temps de lecture\" \/>\n\t<meta name=\"twitter:data1\" content=\"2 minutes\" \/>\n<script type=\"application\/ld+json\" class=\"yoast-schema-graph\">{\"@context\":\"https:\/\/schema.org\",\"@graph\":[{\"@type\":\"WebPage\",\"@id\":\"https:\/\/sites-bibliotheques.uqam.ca\/livres-rares\/expositions\/50-ans-uqam\/\",\"url\":\"https:\/\/sites-bibliotheques.uqam.ca\/livres-rares\/expositions\/50-ans-uqam\/\",\"name\":\"50 ans de l\u2019UQAM \u2013 100 livres \u2013 500 ans d\u2019\u00e9dition | Centre des livres rares et collections sp\u00e9ciales | UQAM\",\"isPartOf\":{\"@id\":\"https:\/\/sites-bibliotheques.uqam.ca\/livres-rares\/#website\"},\"primaryImageOfPage\":{\"@id\":\"https:\/\/sites-bibliotheques.uqam.ca\/livres-rares\/expositions\/50-ans-uqam\/#primaryimage\"},\"image\":{\"@id\":\"https:\/\/sites-bibliotheques.uqam.ca\/livres-rares\/expositions\/50-ans-uqam\/#primaryimage\"},\"thumbnailUrl\":\"https:\/\/sites-bibliotheques.uqam.ca\/info-cclr\/wp-content\/uploads\/sites\/3\/2019\/11\/X38037528B-1024x683.jpg\",\"datePublished\":\"2019-11-13T20:13:08+00:00\",\"dateModified\":\"2022-09-29T14:18:44+00:00\",\"breadcrumb\":{\"@id\":\"https:\/\/sites-bibliotheques.uqam.ca\/livres-rares\/expositions\/50-ans-uqam\/#breadcrumb\"},\"inLanguage\":\"fr-CA\",\"potentialAction\":[{\"@type\":\"ReadAction\",\"target\":[\"https:\/\/sites-bibliotheques.uqam.ca\/livres-rares\/expositions\/50-ans-uqam\/\"]}]},{\"@type\":\"ImageObject\",\"inLanguage\":\"fr-CA\",\"@id\":\"https:\/\/sites-bibliotheques.uqam.ca\/livres-rares\/expositions\/50-ans-uqam\/#primaryimage\",\"url\":\"https:\/\/sites-bibliotheques.uqam.ca\/info-cclr\/wp-content\/uploads\/sites\/3\/2019\/11\/X38037528B-1024x683.jpg\",\"contentUrl\":\"https:\/\/sites-bibliotheques.uqam.ca\/info-cclr\/wp-content\/uploads\/sites\/3\/2019\/11\/X38037528B-1024x683.jpg\"},{\"@type\":\"WebSite\",\"@id\":\"https:\/\/sites-bibliotheques.uqam.ca\/livres-rares\/#website\",\"url\":\"https:\/\/sites-bibliotheques.uqam.ca\/livres-rares\/\",\"name\":\"Centre des livres rares et collections sp\u00e9ciales\",\"description\":\"Un site utilisant Site des biblioth\u00e8ques en DEV\",\"publisher\":{\"@id\":\"https:\/\/sites-bibliotheques.uqam.ca\/livres-rares\/#organization\"},\"potentialAction\":[{\"@type\":\"SearchAction\",\"target\":{\"@type\":\"EntryPoint\",\"urlTemplate\":\"https:\/\/sites-bibliotheques.uqam.ca\/livres-rares\/recherche\/?q={search_term_string}\"},\"query-input\":{\"@type\":\"PropertyValueSpecification\",\"valueRequired\":true,\"valueName\":\"search_term_string\"}}],\"inLanguage\":\"fr-CA\"},{\"@type\":\"Organization\",\"@id\":\"https:\/\/sites-bibliotheques.uqam.ca\/livres-rares\/#organization\",\"name\":\"Centre de consultation des livres rares\",\"url\":\"https:\/\/sites-bibliotheques.uqam.ca\/livres-rares\/\",\"logo\":{\"@type\":\"ImageObject\",\"inLanguage\":\"fr-CA\",\"@id\":\"https:\/\/sites-bibliotheques.uqam.ca\/livres-rares\/#\/schema\/logo\/image\/\",\"url\":\"https:\/\/gabarit-adaptatif.uqam.ca\/statique\/images\/logo-uqam.jpg\",\"contentUrl\":\"\",\"caption\":\"Centre de consultation des livres rares\"},\"image\":{\"@id\":\"https:\/\/sites-bibliotheques.uqam.ca\/livres-rares\/#\/schema\/logo\/image\/\"},\"parentOrganization\":{\"@type\":\"EducationalOrganization\",\"@id\":\"https:\/\/uqam.ca\/#organization\",\"name\":\"Universit\u00e9 du Qu\u00e9bec \u00e0 Montr\u00e9al\",\"url\":\"https:\/\/uqam.ca\",\"alternateName\":\"UQAM\",\"logo\":\"https:\/\/gabarit-adaptatif.uqam.ca\/statique\/images\/logo-uqam.jpg\"}}]}<\/script>\n<!-- \/ Yoast SEO plugin. -->","yoast_head_json":{"title":"50 ans de l\u2019UQAM \u2013 100 livres \u2013 500 ans d\u2019\u00e9dition | Centre des livres rares et collections sp\u00e9ciales | UQAM","robots":{"index":"index","follow":"follow","max-snippet":"max-snippet:-1","max-image-preview":"max-image-preview:large","max-video-preview":"max-video-preview:-1"},"canonical":"https:\/\/sites-bibliotheques.uqam.ca\/livres-rares\/expositions\/50-ans-uqam\/","og_locale":"fr_CA","og_type":"article","og_title":"50 ans de l\u2019UQAM \u2013 100 livres \u2013 500 ans d\u2019\u00e9dition | Centre des livres rares et collections sp\u00e9ciales | UQAM","og_description":"Du 4 d\u00e9cembre au 12 novembre 2020 Le Centre des livres rares et des collections sp\u00e9ciales inaugure ses nouveaux locaux et ouvre ses portes aux \u00e9tudiants, professeurs et chercheurs qui souhaitent consulter sa riche documentation. Des milliers d\u2019ouvrages anciens, rares et pr\u00e9cieux sont maintenant conserv\u00e9s dans des rayonnages modernes avec un syst\u00e8me de contr\u00f4le atmosph\u00e9rique [&hellip;]","og_url":"https:\/\/sites-bibliotheques.uqam.ca\/livres-rares\/expositions\/50-ans-uqam\/","og_site_name":"Centre des livres rares et collections sp\u00e9ciales","article_modified_time":"2022-09-29T14:18:44+00:00","og_image":[{"url":"https:\/\/sites-bibliotheques.uqam.ca\/info-cclr\/wp-content\/uploads\/sites\/3\/2019\/11\/X38037528B-1024x683.jpg","type":"","width":"","height":""}],"twitter_card":"summary_large_image","twitter_misc":{"Estimation du temps de lecture":"2 minutes"},"schema":{"@context":"https:\/\/schema.org","@graph":[{"@type":"WebPage","@id":"https:\/\/sites-bibliotheques.uqam.ca\/livres-rares\/expositions\/50-ans-uqam\/","url":"https:\/\/sites-bibliotheques.uqam.ca\/livres-rares\/expositions\/50-ans-uqam\/","name":"50 ans de l\u2019UQAM \u2013 100 livres \u2013 500 ans d\u2019\u00e9dition | Centre des livres rares et collections sp\u00e9ciales | UQAM","isPartOf":{"@id":"https:\/\/sites-bibliotheques.uqam.ca\/livres-rares\/#website"},"primaryImageOfPage":{"@id":"https:\/\/sites-bibliotheques.uqam.ca\/livres-rares\/expositions\/50-ans-uqam\/#primaryimage"},"image":{"@id":"https:\/\/sites-bibliotheques.uqam.ca\/livres-rares\/expositions\/50-ans-uqam\/#primaryimage"},"thumbnailUrl":"https:\/\/sites-bibliotheques.uqam.ca\/info-cclr\/wp-content\/uploads\/sites\/3\/2019\/11\/X38037528B-1024x683.jpg","datePublished":"2019-11-13T20:13:08+00:00","dateModified":"2022-09-29T14:18:44+00:00","breadcrumb":{"@id":"https:\/\/sites-bibliotheques.uqam.ca\/livres-rares\/expositions\/50-ans-uqam\/#breadcrumb"},"inLanguage":"fr-CA","potentialAction":[{"@type":"ReadAction","target":["https:\/\/sites-bibliotheques.uqam.ca\/livres-rares\/expositions\/50-ans-uqam\/"]}]},{"@type":"ImageObject","inLanguage":"fr-CA","@id":"https:\/\/sites-bibliotheques.uqam.ca\/livres-rares\/expositions\/50-ans-uqam\/#primaryimage","url":"https:\/\/sites-bibliotheques.uqam.ca\/info-cclr\/wp-content\/uploads\/sites\/3\/2019\/11\/X38037528B-1024x683.jpg","contentUrl":"https:\/\/sites-bibliotheques.uqam.ca\/info-cclr\/wp-content\/uploads\/sites\/3\/2019\/11\/X38037528B-1024x683.jpg"},{"@type":"WebSite","@id":"https:\/\/sites-bibliotheques.uqam.ca\/livres-rares\/#website","url":"https:\/\/sites-bibliotheques.uqam.ca\/livres-rares\/","name":"Centre des livres rares et collections sp\u00e9ciales","description":"Un site utilisant Site des biblioth\u00e8ques en DEV","publisher":{"@id":"https:\/\/sites-bibliotheques.uqam.ca\/livres-rares\/#organization"},"potentialAction":[{"@type":"SearchAction","target":{"@type":"EntryPoint","urlTemplate":"https:\/\/sites-bibliotheques.uqam.ca\/livres-rares\/recherche\/?q={search_term_string}"},"query-input":{"@type":"PropertyValueSpecification","valueRequired":true,"valueName":"search_term_string"}}],"inLanguage":"fr-CA"},{"@type":"Organization","@id":"https:\/\/sites-bibliotheques.uqam.ca\/livres-rares\/#organization","name":"Centre de consultation des livres rares","url":"https:\/\/sites-bibliotheques.uqam.ca\/livres-rares\/","logo":{"@type":"ImageObject","inLanguage":"fr-CA","@id":"https:\/\/sites-bibliotheques.uqam.ca\/livres-rares\/#\/schema\/logo\/image\/","url":"https:\/\/gabarit-adaptatif.uqam.ca\/statique\/images\/logo-uqam.jpg","contentUrl":"","caption":"Centre de consultation des livres rares"},"image":{"@id":"https:\/\/sites-bibliotheques.uqam.ca\/livres-rares\/#\/schema\/logo\/image\/"},"parentOrganization":{"@type":"EducationalOrganization","@id":"https:\/\/uqam.ca\/#organization","name":"Universit\u00e9 du Qu\u00e9bec \u00e0 Montr\u00e9al","url":"https:\/\/uqam.ca","alternateName":"UQAM","logo":"https:\/\/gabarit-adaptatif.uqam.ca\/statique\/images\/logo-uqam.jpg"}}]}},"coauthors":[],"author_meta":{"author_link":"https:\/\/sites-bibliotheques.uqam.ca\/livres-rares\/author\/laporte_jon\/","display_name":"Laporte, Jonathan"},"relative_dates":{"created":"Posted 6 ann\u00e9es ago","modified":"Updated 4 ann\u00e9es ago"},"absolute_dates":{"created":"Posted on 13 novembre 2019","modified":"Updated on 29 septembre 2022"},"absolute_dates_time":{"created":"Posted on 13 novembre 2019 20 h 13 min","modified":"Updated on 29 septembre 2022 14 h 18 min"},"featured_img_caption":"","featured_img":false,"series_order":"","_links":{"self":[{"href":"https:\/\/sites-bibliotheques.uqam.ca\/livres-rares\/wp-json\/wp\/v2\/pages\/222","targetHints":{"allow":["GET"]}}],"collection":[{"href":"https:\/\/sites-bibliotheques.uqam.ca\/livres-rares\/wp-json\/wp\/v2\/pages"}],"about":[{"href":"https:\/\/sites-bibliotheques.uqam.ca\/livres-rares\/wp-json\/wp\/v2\/types\/page"}],"author":[{"embeddable":true,"href":"https:\/\/sites-bibliotheques.uqam.ca\/livres-rares\/wp-json\/wp\/v2\/users\/1"}],"replies":[{"embeddable":true,"href":"https:\/\/sites-bibliotheques.uqam.ca\/livres-rares\/wp-json\/wp\/v2\/comments?post=222"}],"version-history":[{"count":2,"href":"https:\/\/sites-bibliotheques.uqam.ca\/livres-rares\/wp-json\/wp\/v2\/pages\/222\/revisions"}],"predecessor-version":[{"id":863,"href":"https:\/\/sites-bibliotheques.uqam.ca\/livres-rares\/wp-json\/wp\/v2\/pages\/222\/revisions\/863"}],"up":[{"embeddable":true,"href":"https:\/\/sites-bibliotheques.uqam.ca\/livres-rares\/wp-json\/wp\/v2\/pages\/215"}],"wp:attachment":[{"href":"https:\/\/sites-bibliotheques.uqam.ca\/livres-rares\/wp-json\/wp\/v2\/media?parent=222"}],"wp:term":[{"taxonomy":"category","embeddable":true,"href":"https:\/\/sites-bibliotheques.uqam.ca\/livres-rares\/wp-json\/wp\/v2\/categories?post=222"}],"curies":[{"name":"wp","href":"https:\/\/api.w.org\/{rel}","templated":true}]}}