{"id":485,"date":"2022-07-13T15:07:45","date_gmt":"2022-07-13T15:07:45","guid":{"rendered":"https:\/\/sites-bibliotheques.dev.uqam.ca\/livres-rares\/?page_id=485"},"modified":"2022-11-08T20:58:21","modified_gmt":"2022-11-08T20:58:21","slug":"nous-joindre","status":"publish","type":"page","link":"https:\/\/sites-bibliotheques.uqam.ca\/livres-rares\/nous-joindre\/","title":{"rendered":"Nous joindre"},"content":{"rendered":"\n<p>Le Centre des livres rares et des collections sp\u00e9ciales est situ\u00e9 au rez-de-chauss\u00e9e de la Biblioth\u00e8que centrale.<\/p>\n\n\n\n<ul class=\"wp-block-list\"><li>400, rue Sainte-Catherine Est<\/li><li><a href=\"https:\/\/carte.uqam.ca\/#pavillon\/w\" target=\"_blank\" rel=\"noreferrer noopener\">Pavillon Hubert-Aquin (A)<\/a><\/li><li>A-R120<br>Accessible par le niveau M\u00e9tro de la Biblioth\u00e8que centrale<\/li><\/ul>\n\n\n\n<p>Le biblioth\u00e9caire responsable de la collection est <a href=\"https:\/\/bibliotheques.uqam.ca\/bottin\/#ouellet-hugues\">Hugues Ouellet<\/a>.<\/p>\n\n\n\n<p>Pour obtenir des informations : <a href=\"mailto:livres.rares@uqam.ca\">livres.rares@uqam.ca<\/a><\/p>\n","protected":false},"excerpt":{"rendered":"<p>Le Centre des livres rares et des collections sp\u00e9ciales est situ\u00e9 au rez-de-chauss\u00e9e de la Biblioth\u00e8que centrale. 400, rue Sainte-Catherine Est Pavillon Hubert-Aquin (A) A-R120Accessible par le niveau M\u00e9tro de la Biblioth\u00e8que centrale Le biblioth\u00e9caire responsable de la collection est Hugues Ouellet. Pour obtenir des informations : livres.rares@uqam.ca<\/p>\n","protected":false},"author":1,"featured_media":0,"parent":0,"menu_order":0,"comment_status":"closed","ping_status":"closed","template":"","meta":{"advgb_blocks_editor_width":"","advgb_blocks_columns_visual_guide":"","footnotes":""},"categories":[],"class_list":["post-485","page","type-page","status-publish","hentry"],"yoast_head":"<!-- This site is optimized with the Yoast SEO plugin v26.9 - https:\/\/yoast.com\/product\/yoast-seo-wordpress\/ -->\n<title>Nous joindre | Centre des livres rares et collections sp\u00e9ciales | UQAM<\/title>\n<meta name=\"robots\" content=\"index, follow, max-snippet:-1, max-image-preview:large, max-video-preview:-1\" \/>\n<link rel=\"canonical\" href=\"https:\/\/sites-bibliotheques.uqam.ca\/livres-rares\/nous-joindre\/\" \/>\n<meta property=\"og:locale\" content=\"fr_CA\" \/>\n<meta property=\"og:type\" content=\"article\" \/>\n<meta property=\"og:title\" content=\"Nous joindre | Centre des livres rares et collections sp\u00e9ciales | UQAM\" \/>\n<meta property=\"og:description\" content=\"Le Centre des livres rares et des collections sp\u00e9ciales est situ\u00e9 au rez-de-chauss\u00e9e de la Biblioth\u00e8que centrale. 400, rue Sainte-Catherine Est Pavillon Hubert-Aquin (A) A-R120Accessible par le niveau M\u00e9tro de la Biblioth\u00e8que centrale Le biblioth\u00e9caire responsable de la collection est Hugues Ouellet. Pour obtenir des informations : livres.rares@uqam.ca\" \/>\n<meta property=\"og:url\" content=\"https:\/\/sites-bibliotheques.uqam.ca\/livres-rares\/nous-joindre\/\" \/>\n<meta property=\"og:site_name\" content=\"Centre des livres rares et collections sp\u00e9ciales\" \/>\n<meta property=\"article:modified_time\" content=\"2022-11-08T20:58:21+00:00\" \/>\n<meta name=\"twitter:card\" content=\"summary_large_image\" \/>\n<meta name=\"twitter:label1\" content=\"Estimation du temps de lecture\" \/>\n\t<meta name=\"twitter:data1\" content=\"1 minute\" \/>\n<script type=\"application\/ld+json\" class=\"yoast-schema-graph\">{\"@context\":\"https:\/\/schema.org\",\"@graph\":[{\"@type\":\"WebPage\",\"@id\":\"https:\/\/sites-bibliotheques.uqam.ca\/livres-rares\/nous-joindre\/\",\"url\":\"https:\/\/sites-bibliotheques.uqam.ca\/livres-rares\/nous-joindre\/\",\"name\":\"Nous joindre | Centre des livres rares et collections sp\u00e9ciales | UQAM\",\"isPartOf\":{\"@id\":\"https:\/\/sites-bibliotheques.uqam.ca\/livres-rares\/#website\"},\"datePublished\":\"2022-07-13T15:07:45+00:00\",\"dateModified\":\"2022-11-08T20:58:21+00:00\",\"breadcrumb\":{\"@id\":\"https:\/\/sites-bibliotheques.uqam.ca\/livres-rares\/nous-joindre\/#breadcrumb\"},\"inLanguage\":\"fr-CA\",\"potentialAction\":[{\"@type\":\"ReadAction\",\"target\":[\"https:\/\/sites-bibliotheques.uqam.ca\/livres-rares\/nous-joindre\/\"]}]},{\"@type\":\"WebSite\",\"@id\":\"https:\/\/sites-bibliotheques.uqam.ca\/livres-rares\/#website\",\"url\":\"https:\/\/sites-bibliotheques.uqam.ca\/livres-rares\/\",\"name\":\"Centre des livres rares et collections sp\u00e9ciales\",\"description\":\"Un site utilisant Site des biblioth\u00e8ques en DEV\",\"publisher\":{\"@id\":\"https:\/\/sites-bibliotheques.uqam.ca\/livres-rares\/#organization\"},\"potentialAction\":[{\"@type\":\"SearchAction\",\"target\":{\"@type\":\"EntryPoint\",\"urlTemplate\":\"https:\/\/sites-bibliotheques.uqam.ca\/livres-rares\/recherche\/?q={search_term_string}\"},\"query-input\":{\"@type\":\"PropertyValueSpecification\",\"valueRequired\":true,\"valueName\":\"search_term_string\"}}],\"inLanguage\":\"fr-CA\"},{\"@type\":\"Organization\",\"@id\":\"https:\/\/sites-bibliotheques.uqam.ca\/livres-rares\/#organization\",\"name\":\"Centre de consultation des livres rares\",\"url\":\"https:\/\/sites-bibliotheques.uqam.ca\/livres-rares\/\",\"logo\":{\"@type\":\"ImageObject\",\"inLanguage\":\"fr-CA\",\"@id\":\"https:\/\/sites-bibliotheques.uqam.ca\/livres-rares\/#\/schema\/logo\/image\/\",\"url\":\"https:\/\/gabarit-adaptatif.uqam.ca\/statique\/images\/logo-uqam.jpg\",\"contentUrl\":\"\",\"caption\":\"Centre de consultation des livres rares\"},\"image\":{\"@id\":\"https:\/\/sites-bibliotheques.uqam.ca\/livres-rares\/#\/schema\/logo\/image\/\"},\"parentOrganization\":{\"@type\":\"EducationalOrganization\",\"@id\":\"https:\/\/uqam.ca\/#organization\",\"name\":\"Universit\u00e9 du Qu\u00e9bec \u00e0 Montr\u00e9al\",\"url\":\"https:\/\/uqam.ca\",\"alternateName\":\"UQAM\",\"logo\":\"https:\/\/gabarit-adaptatif.uqam.ca\/statique\/images\/logo-uqam.jpg\"}}]}<\/script>\n<!-- \/ Yoast SEO plugin. -->","yoast_head_json":{"title":"Nous joindre | Centre des livres rares et collections sp\u00e9ciales | UQAM","robots":{"index":"index","follow":"follow","max-snippet":"max-snippet:-1","max-image-preview":"max-image-preview:large","max-video-preview":"max-video-preview:-1"},"canonical":"https:\/\/sites-bibliotheques.uqam.ca\/livres-rares\/nous-joindre\/","og_locale":"fr_CA","og_type":"article","og_title":"Nous joindre | Centre des livres rares et collections sp\u00e9ciales | UQAM","og_description":"Le Centre des livres rares et des collections sp\u00e9ciales est situ\u00e9 au rez-de-chauss\u00e9e de la Biblioth\u00e8que centrale. 400, rue Sainte-Catherine Est Pavillon Hubert-Aquin (A) A-R120Accessible par le niveau M\u00e9tro de la Biblioth\u00e8que centrale Le biblioth\u00e9caire responsable de la collection est Hugues Ouellet. Pour obtenir des informations : livres.rares@uqam.ca","og_url":"https:\/\/sites-bibliotheques.uqam.ca\/livres-rares\/nous-joindre\/","og_site_name":"Centre des livres rares et collections sp\u00e9ciales","article_modified_time":"2022-11-08T20:58:21+00:00","twitter_card":"summary_large_image","twitter_misc":{"Estimation du temps de lecture":"1 minute"},"schema":{"@context":"https:\/\/schema.org","@graph":[{"@type":"WebPage","@id":"https:\/\/sites-bibliotheques.uqam.ca\/livres-rares\/nous-joindre\/","url":"https:\/\/sites-bibliotheques.uqam.ca\/livres-rares\/nous-joindre\/","name":"Nous joindre | Centre des livres rares et collections sp\u00e9ciales | UQAM","isPartOf":{"@id":"https:\/\/sites-bibliotheques.uqam.ca\/livres-rares\/#website"},"datePublished":"2022-07-13T15:07:45+00:00","dateModified":"2022-11-08T20:58:21+00:00","breadcrumb":{"@id":"https:\/\/sites-bibliotheques.uqam.ca\/livres-rares\/nous-joindre\/#breadcrumb"},"inLanguage":"fr-CA","potentialAction":[{"@type":"ReadAction","target":["https:\/\/sites-bibliotheques.uqam.ca\/livres-rares\/nous-joindre\/"]}]},{"@type":"WebSite","@id":"https:\/\/sites-bibliotheques.uqam.ca\/livres-rares\/#website","url":"https:\/\/sites-bibliotheques.uqam.ca\/livres-rares\/","name":"Centre des livres rares et collections sp\u00e9ciales","description":"Un site utilisant Site des biblioth\u00e8ques en DEV","publisher":{"@id":"https:\/\/sites-bibliotheques.uqam.ca\/livres-rares\/#organization"},"potentialAction":[{"@type":"SearchAction","target":{"@type":"EntryPoint","urlTemplate":"https:\/\/sites-bibliotheques.uqam.ca\/livres-rares\/recherche\/?q={search_term_string}"},"query-input":{"@type":"PropertyValueSpecification","valueRequired":true,"valueName":"search_term_string"}}],"inLanguage":"fr-CA"},{"@type":"Organization","@id":"https:\/\/sites-bibliotheques.uqam.ca\/livres-rares\/#organization","name":"Centre de consultation des livres rares","url":"https:\/\/sites-bibliotheques.uqam.ca\/livres-rares\/","logo":{"@type":"ImageObject","inLanguage":"fr-CA","@id":"https:\/\/sites-bibliotheques.uqam.ca\/livres-rares\/#\/schema\/logo\/image\/","url":"https:\/\/gabarit-adaptatif.uqam.ca\/statique\/images\/logo-uqam.jpg","contentUrl":"","caption":"Centre de consultation des livres rares"},"image":{"@id":"https:\/\/sites-bibliotheques.uqam.ca\/livres-rares\/#\/schema\/logo\/image\/"},"parentOrganization":{"@type":"EducationalOrganization","@id":"https:\/\/uqam.ca\/#organization","name":"Universit\u00e9 du Qu\u00e9bec \u00e0 Montr\u00e9al","url":"https:\/\/uqam.ca","alternateName":"UQAM","logo":"https:\/\/gabarit-adaptatif.uqam.ca\/statique\/images\/logo-uqam.jpg"}}]}},"coauthors":[],"author_meta":{"author_link":"https:\/\/sites-bibliotheques.uqam.ca\/livres-rares\/author\/laporte_jon\/","display_name":"Laporte, Jonathan"},"relative_dates":{"created":"Posted 4 ann\u00e9es ago","modified":"Updated 3 ann\u00e9es ago"},"absolute_dates":{"created":"Posted on 13 juillet 2022","modified":"Updated on 8 novembre 2022"},"absolute_dates_time":{"created":"Posted on 13 juillet 2022 15 h 07 min","modified":"Updated on 8 novembre 2022 20 h 58 min"},"featured_img_caption":"","featured_img":false,"series_order":"","_links":{"self":[{"href":"https:\/\/sites-bibliotheques.uqam.ca\/livres-rares\/wp-json\/wp\/v2\/pages\/485","targetHints":{"allow":["GET"]}}],"collection":[{"href":"https:\/\/sites-bibliotheques.uqam.ca\/livres-rares\/wp-json\/wp\/v2\/pages"}],"about":[{"href":"https:\/\/sites-bibliotheques.uqam.ca\/livres-rares\/wp-json\/wp\/v2\/types\/page"}],"author":[{"embeddable":true,"href":"https:\/\/sites-bibliotheques.uqam.ca\/livres-rares\/wp-json\/wp\/v2\/users\/1"}],"replies":[{"embeddable":true,"href":"https:\/\/sites-bibliotheques.uqam.ca\/livres-rares\/wp-json\/wp\/v2\/comments?post=485"}],"version-history":[{"count":1,"href":"https:\/\/sites-bibliotheques.uqam.ca\/livres-rares\/wp-json\/wp\/v2\/pages\/485\/revisions"}],"predecessor-version":[{"id":873,"href":"https:\/\/sites-bibliotheques.uqam.ca\/livres-rares\/wp-json\/wp\/v2\/pages\/485\/revisions\/873"}],"wp:attachment":[{"href":"https:\/\/sites-bibliotheques.uqam.ca\/livres-rares\/wp-json\/wp\/v2\/media?parent=485"}],"wp:term":[{"taxonomy":"category","embeddable":true,"href":"https:\/\/sites-bibliotheques.uqam.ca\/livres-rares\/wp-json\/wp\/v2\/categories?post=485"}],"curies":[{"name":"wp","href":"https:\/\/api.w.org\/{rel}","templated":true}]}}